{"id":579,"date":"2024-02-11T23:15:49","date_gmt":"2024-02-11T22:15:49","guid":{"rendered":"https:\/\/maisontika.com\/?post_type=product&#038;p=579"},"modified":"2025-07-08T22:31:38","modified_gmt":"2025-07-08T20:31:38","slug":"wish-bag-star-chakra-racine","status":"publish","type":"product","link":"https:\/\/maisontika.com\/en\/shop\/bijoux\/wish-bag\/star-wish-bag\/wish-bag-star-chakra-racine\/","title":{"rendered":"Wish Bag Star - Root Chakra"},"content":{"rendered":"<p>This necklace was created to help you reconnect with your divine powers and realize your dreams.<br \/>\nAll you have to do is write your dearest wishes on a piece of tissue paper, believing in them very strongly, then put the paper in the little magic bag.<br \/>\nThis necklace is entirely handmade, lovingly woven and braided.<\/p>\n<p>Why harmonize your <span style=\"color: #e52223;\">ROOT CHAKRA<\/span> ?<br \/>\n\u2022 To feel at one with the land<br \/>\n\u2022 To trust in the generous mother earth<br \/>\n\u2022 To feel safe and protected<\/p>\n<p><strong>\u2022 Description :<\/strong><\/p>\n<p>The small bag is woven with small glass beads, here <span style=\"color: #e52223;\">fushia<\/span>, <span style=\"color: #e52223;\">green<\/span> and <span style=\"color: #e52223;\">red<\/span>.<br \/>\nThe cord is braided with cotton and lurex threads in colors similar to the pearls.<br \/>\nThere's a sliding knot so you can wear the necklace short or long, as you wish.<br \/>\nThe Wish Bag can be worn on either side.<\/p>\n<p><strong>\u2022 Dimension<\/strong> : The total length of the necklace is approx. <span style=\"color: #e52223;\">39 cm<\/span> (from top to bottom).<\/p>\n<p><strong>\u2022 Additional information:<\/strong><\/p>\n<p>No sea or pool.<br \/>\nEach piece is unique, with slight variations possible for each order.<\/p>\n<p><strong>\u2022 Disponibilit\u00e9 &amp; d\u00e9lais :<\/strong><\/p>\n<p>Si ce bijou n&rsquo;est plus en stock, il sera confectionn\u00e9 sur commande (preorder), avec un d\u00e9lai estim\u00e9 de 1 \u00e0 3 semaines, selon le nombre de cr\u00e9ations en cours.<br \/>\nPour toute demande urgente ou particuli\u00e8re, n&rsquo;h\u00e9sitez pas \u00e0 me contacter !<\/p>","protected":false},"excerpt":{"rendered":"<p>This necklace was created to help you reconnect with your divine powers and realize your dreams.<\/p>\n<p>All you have to do is write your dearest wishes on a piece of tissue paper, believing in them very strongly, then put the paper in the little magic bag.<\/p>\n<p>This necklace is entirely handmade, lovingly woven and braided.<\/p>\n<p>Every element has been carefully selected:<br \/>\n\u2022 TIKA silver amulet, for <span style=\"color: #e52223;\">PROTECTION<\/span><br \/>\n\u2022 An antique silver bell, for <span style=\"color: #e52223;\">JOY<\/span><br \/>\n\u2022 Two rudraksha seeds for <span style=\"color: #e52223;\">SPIRITUALITY<\/span><br \/>\n\u2022 Several stones and crystals harmonizing the Root Chakra, here <span style=\"color: #e52223;\">garnet<\/span>, <span style=\"color: #e52223;\">smoked quartz<\/span> and <span style=\"color: #e52223;\">red jasper<\/span><\/p>","protected":false},"featured_media":122,"template":"","meta":{"neve_meta_sidebar":"","neve_meta_container":"","neve_meta_enable_content_width":"off","neve_meta_content_width":100,"neve_meta_title_alignment":"","neve_meta_author_avatar":"","neve_post_elements_order":"","neve_meta_disable_header":"","neve_meta_disable_footer":"","neve_meta_disable_title":""},"product_brand":[],"product_cat":[35,61],"product_tag":[48,72,69],"class_list":{"0":"post-579","1":"product","2":"type-product","3":"status-publish","4":"has-post-thumbnail","6":"product_cat-bijoux","7":"product_cat-star-wish-bag","8":"product_tag-bijoux","9":"product_tag-chakra-racine","10":"product_tag-wish-bag","12":"first","13":"instock","14":"shipping-taxable","15":"purchasable","16":"product-type-simple"},"_links":{"self":[{"href":"https:\/\/maisontika.com\/en\/wp-json\/wp\/v2\/product\/579","targetHints":{"allow":["GET"]}}],"collection":[{"href":"https:\/\/maisontika.com\/en\/wp-json\/wp\/v2\/product"}],"about":[{"href":"https:\/\/maisontika.com\/en\/wp-json\/wp\/v2\/types\/product"}],"wp:featuredmedia":[{"embeddable":true,"href":"https:\/\/maisontika.com\/en\/wp-json\/wp\/v2\/media\/122"}],"wp:attachment":[{"href":"https:\/\/maisontika.com\/en\/wp-json\/wp\/v2\/media?parent=579"}],"wp:term":[{"taxonomy":"product_brand","embeddable":true,"href":"https:\/\/maisontika.com\/en\/wp-json\/wp\/v2\/product_brand?post=579"},{"taxonomy":"product_cat","embeddable":true,"href":"https:\/\/maisontika.com\/en\/wp-json\/wp\/v2\/product_cat?post=579"},{"taxonomy":"product_tag","embeddable":true,"href":"https:\/\/maisontika.com\/en\/wp-json\/wp\/v2\/product_tag?post=579"}],"curies":[{"name":"wp","href":"https:\/\/api.w.org\/{rel}","templated":true}]}}