{"id":571,"date":"2024-02-11T23:10:51","date_gmt":"2024-02-11T22:10:51","guid":{"rendered":"https:\/\/maisontika.com\/?post_type=product&#038;p=571"},"modified":"2025-07-05T14:42:43","modified_gmt":"2025-07-05T12:42:43","slug":"wish-bag-rune-othalaz-chakra-sacre-3eme-oeil","status":"publish","type":"product","link":"https:\/\/maisontika.com\/en\/shop\/bijoux\/wish-bag\/rune\/wish-bag-rune-othalaz-chakra-sacre-3eme-oeil\/","title":{"rendered":"Wish Bag Rune OTHALAZ - Sacral &amp; 3rd Eye Chakra"},"content":{"rendered":"<p>Why harmonize your <span style=\"color: #e52223;\">SACRAL CHAKRA<\/span> ?<br \/>\n\u2022 To bring us creativity, blossoming sexuality<br \/>\n\u2022 To bring us joie de vivre and spontaneity<\/p>\n<p>Why harmonize your <span style=\"color: #e52223;\">3rd EYE CHAKRA<\/span> ?<br \/>\n\u2022 To trigger an opening of consciousness, which will bring you evolution on a spiritual level<br \/>\n\u2022 So that your knowledge becomes intuitive<\/p>\n<p><strong>\u2022 Description :<\/strong><\/p>\n<p>The small bag is woven with small glass beads, here <span style=\"color: #e52223;\">green<\/span>, <span style=\"color: #e52223;\">canary yellow<\/span>, <span style=\"color: #e52223;\">pink<\/span> and <span style=\"color: #e52223;\">intense blue<\/span>.<br \/>\nThe cord is braided with cotton and lurex threads in colors similar to the pearls.<br \/>\nThere's a sliding knot so you can wear the necklace short or long, as you wish.<br \/>\nThe Wish Bag can be worn on either side.<\/p>\n<p><strong>\u2022 Dimension<\/strong> : The total length of the necklace is approx. <span style=\"color: #e52223;\">36 cm<\/span> (from top to bottom).<\/p>\n<p><strong>\u2022 Additional information:<\/strong><\/p>\n<p>No sea or pool.<br \/>\nEach piece is unique, with slight variations possible for each order.<\/p>\n<p><strong>\u2022 Disponibilit\u00e9 &amp; d\u00e9lais :<\/strong><\/p>\n<p>Si ce bijou n&rsquo;est plus en stock, il sera confectionn\u00e9 sur commande (preorder), avec un d\u00e9lai estim\u00e9 de 1 \u00e0 3 semaines, selon le nombre de cr\u00e9ations en cours.<br \/>\nPour toute demande urgente ou particuli\u00e8re, n&rsquo;h\u00e9sitez pas \u00e0 me contacter !<\/p>","protected":false},"excerpt":{"rendered":"<p>This necklace was created to help you reconnect with your divine powers and realize your dreams.<\/p>\n<p>All you have to do is write your dearest wishes on a piece of tissue paper, believing in them very strongly, then put the paper in the little magic bag.<\/p>\n<p>This necklace is entirely handmade, lovingly woven and braided.<\/p>\n<p>Every element has been carefully selected:<br \/>\n\u2022 TIKA silver amulet, for <span style=\"color: #e52223;\">PROTECTION<\/span><br \/>\n\u2022 An antique silver bell, for <span style=\"color: #e52223;\">JOY<\/span><br \/>\n\u2022 Two rudraksha seeds for <span style=\"color: #e52223;\">SPIRITUALITY<\/span><br \/>\n\u2022 Several stones and crystals harmonizing the 3rd Eye Chakra, here <span style=\"color: #e52223;\">lapis-lazuli<\/span> and <span style=\"color: #e52223;\">iolite<\/span>and the Sacral Chakra, here <span style=\"color: #e52223;\">moonstone<\/span> and <span style=\"color: #e52223;\">cornaline<\/span> + <span style=\"color: #e52223;\">rock crystal<\/span> pour amplifier les pouvoirs des autres pierres<\/p>","protected":false},"featured_media":583,"template":"","meta":{"neve_meta_sidebar":"","neve_meta_container":"","neve_meta_enable_content_width":"off","neve_meta_content_width":100,"neve_meta_title_alignment":"","neve_meta_author_avatar":"","neve_post_elements_order":"","neve_meta_disable_header":"","neve_meta_disable_footer":"","neve_meta_disable_title":""},"product_brand":[],"product_cat":[35,62],"product_tag":[48,71,77,69],"class_list":{"0":"post-571","1":"product","2":"type-product","3":"status-publish","4":"has-post-thumbnail","6":"product_cat-bijoux","7":"product_cat-rune","8":"product_tag-bijoux","9":"product_tag-chakra-3-oeil","10":"product_tag-chakra-sacre","11":"product_tag-wish-bag","13":"first","14":"instock","15":"shipping-taxable","16":"purchasable","17":"product-type-simple"},"_links":{"self":[{"href":"https:\/\/maisontika.com\/en\/wp-json\/wp\/v2\/product\/571","targetHints":{"allow":["GET"]}}],"collection":[{"href":"https:\/\/maisontika.com\/en\/wp-json\/wp\/v2\/product"}],"about":[{"href":"https:\/\/maisontika.com\/en\/wp-json\/wp\/v2\/types\/product"}],"wp:featuredmedia":[{"embeddable":true,"href":"https:\/\/maisontika.com\/en\/wp-json\/wp\/v2\/media\/583"}],"wp:attachment":[{"href":"https:\/\/maisontika.com\/en\/wp-json\/wp\/v2\/media?parent=571"}],"wp:term":[{"taxonomy":"product_brand","embeddable":true,"href":"https:\/\/maisontika.com\/en\/wp-json\/wp\/v2\/product_brand?post=571"},{"taxonomy":"product_cat","embeddable":true,"href":"https:\/\/maisontika.com\/en\/wp-json\/wp\/v2\/product_cat?post=571"},{"taxonomy":"product_tag","embeddable":true,"href":"https:\/\/maisontika.com\/en\/wp-json\/wp\/v2\/product_tag?post=571"}],"curies":[{"name":"wp","href":"https:\/\/api.w.org\/{rel}","templated":true}]}}