{"id":2160,"date":"2025-04-13T17:42:17","date_gmt":"2025-04-13T15:42:17","guid":{"rendered":"https:\/\/maisontika.com\/?post_type=product&#038;p=2160"},"modified":"2026-04-14T11:52:13","modified_gmt":"2026-04-14T09:52:13","slug":"bracelet-tika-porte-bonheur-n5","status":"publish","type":"product","link":"https:\/\/maisontika.com\/en\/shop\/bijoux\/bracelet\/chakra\/bracelet-tika-porte-bonheur-n5\/","title":{"rendered":"TIKA Bracelet - Lucky charm n\u00b05"},"content":{"rendered":"<p><span style=\"color: #e52223;\">TIKA<\/span> : a symbol of good luck and welcome<\/p>\n<p><strong>\u2022 Description :<\/strong><\/p>\n<p>Bracelet in shades of <span style=\"color: #e52223;\">orange<\/span> and <span style=\"color: #e52223;\">black<\/span>.<br \/>\nThe cord of this bracelet has been braided with cotton and lurex threads.<br \/>\nGlass bead bangs.<br \/>\nThere is a slipknot.<\/p>\n<p><strong>\u2022 Dimension<\/strong> : 25 cm circumference<\/p>\n<p><strong>\u2022 Additional information:<\/strong><\/p>\n<p>No sea or pool.<br \/>\nEach piece is unique, with slight variations possible for each order.<\/p>\n<p><strong>\u2022 Disponibilit\u00e9 &amp; d\u00e9lais :<\/strong><\/p>\n<p>Si ce bijou n&rsquo;est plus en stock, il sera confectionn\u00e9 sur commande (preorder), avec un d\u00e9lai estim\u00e9 de 1 \u00e0 3 semaines, selon le nombre de cr\u00e9ations en cours.<br \/>\nPour toute demande urgente ou particuli\u00e8re, n&rsquo;h\u00e9sitez pas \u00e0 me contacter !<\/p>","protected":false},"excerpt":{"rendered":"<p>This bracelet has been created as a talisman, embodying a protective and benevolent energy, inviting good luck, harmony and beautiful synchronicities into your daily life.<\/p>\n<p>The TIKA bracelet is entirely handmade and lovingly woven.<\/p>\n<p>Every element has been carefully selected:<br \/>\n\u2022 TIKA silver amulet, for <span style=\"color: #e52223;\">PROTECTION<\/span><br \/>\n\u2022 An antique silver bell, for <span style=\"color: #e52223;\">JOY<\/span><br \/>\n\u2022 Water pearls for<span style=\"color: #e52223;\">HARMONY<\/span><br \/>\n\u2022 A silver tube talisman: <span style=\"color: #e52223;\">LUCKY CHARM<\/span><\/p>","protected":false},"featured_media":2163,"template":"","meta":{"neve_meta_sidebar":"","neve_meta_container":"","neve_meta_enable_content_width":"off","neve_meta_content_width":100,"neve_meta_title_alignment":"","neve_meta_author_avatar":"","neve_post_elements_order":"","neve_meta_disable_header":"","neve_meta_disable_footer":"","neve_meta_disable_title":""},"product_brand":[],"product_cat":[59,86],"product_tag":[48,68,85],"class_list":{"0":"post-2160","1":"product","2":"type-product","3":"status-publish","4":"has-post-thumbnail","6":"product_cat-chakra","7":"product_cat-bracelet-tika","8":"product_tag-bijoux","9":"product_tag-bracelet","10":"product_tag-tika","12":"first","13":"onbackorder","14":"shipping-taxable","15":"purchasable","16":"product-type-simple"},"_links":{"self":[{"href":"https:\/\/maisontika.com\/en\/wp-json\/wp\/v2\/product\/2160","targetHints":{"allow":["GET"]}}],"collection":[{"href":"https:\/\/maisontika.com\/en\/wp-json\/wp\/v2\/product"}],"about":[{"href":"https:\/\/maisontika.com\/en\/wp-json\/wp\/v2\/types\/product"}],"wp:featuredmedia":[{"embeddable":true,"href":"https:\/\/maisontika.com\/en\/wp-json\/wp\/v2\/media\/2163"}],"wp:attachment":[{"href":"https:\/\/maisontika.com\/en\/wp-json\/wp\/v2\/media?parent=2160"}],"wp:term":[{"taxonomy":"product_brand","embeddable":true,"href":"https:\/\/maisontika.com\/en\/wp-json\/wp\/v2\/product_brand?post=2160"},{"taxonomy":"product_cat","embeddable":true,"href":"https:\/\/maisontika.com\/en\/wp-json\/wp\/v2\/product_cat?post=2160"},{"taxonomy":"product_tag","embeddable":true,"href":"https:\/\/maisontika.com\/en\/wp-json\/wp\/v2\/product_tag?post=2160"}],"curies":[{"name":"wp","href":"https:\/\/api.w.org\/{rel}","templated":true}]}}