{"id":2110,"date":"2025-04-13T14:59:51","date_gmt":"2025-04-13T12:59:51","guid":{"rendered":"https:\/\/maisontika.com\/?post_type=product&#038;p=2110"},"modified":"2025-07-18T14:40:29","modified_gmt":"2025-07-18T12:40:29","slug":"gri-gri-chakra-sacre","status":"publish","type":"product","link":"https:\/\/maisontika.com\/en\/shop\/bijoux\/bracelet\/chakra\/gri-gri-chakra-sacre\/","title":{"rendered":"Gri-Gri Chakra \u2013 Sacral"},"content":{"rendered":"<p><span style=\"color: #e52223;\">\u2022 CHAKRA SACR\u00c9<\/span> : fulfilment, creativity and joie de vivre<\/p>\n<p><strong>\u2022 Description :<\/strong><\/p>\n<p>Necklace in shades <span style=\"color: #e52223;\">amber<\/span>, <span style=\"color: #e52223;\">black<\/span> and <span style=\"color: #e52223;\">golden<\/span>.<br \/>\nThe cord of this necklace has been braided with cotton and lurex threads.<\/p>\n<p><strong>\u2022 Dimension<\/strong> : 40 cm from top to bottom<\/p>\n<p><strong>\u2022 Additional information:<\/strong><\/p>\n<p>No sea or pool.<br \/>\nEach piece is unique, with slight variations possible for each order.<\/p>\n<p><strong>\u2022 Disponibilit\u00e9 &amp; d\u00e9lais :<\/strong><\/p>\n<p>Si ce bijou n&rsquo;est plus en stock, il sera confectionn\u00e9 sur commande (preorder), avec un d\u00e9lai estim\u00e9 de 1 \u00e0 3 semaines, selon le nombre de cr\u00e9ations en cours.<br \/>\nPour toute demande urgente ou particuli\u00e8re, n&rsquo;h\u00e9sitez pas \u00e0 me contacter !<\/p>","protected":false},"excerpt":{"rendered":"<p>This necklace has been created to revitalize a particular chakra.<\/p>\n<p>The CHAKRA necklace is entirely handmade and lovingly woven.<\/p>\n<p>Every element has been carefully selected:<br \/>\n\u2022 TIKA amulet in brass, for <span style=\"color: #e52223;\">PROTECTION<\/span><br \/>\n\u2022 An antique silver bell, for <span style=\"color: #e52223;\">JOY<\/span><br \/>\n\u2022 Sandalwood beads and rudraksha seed for <span style=\"color: #e52223;\">SPIRITUALITY<\/span><br \/>\n\u2022 A pearl of water for<span style=\"color: #e52223;\">HARMONY<\/span><br \/>\n\u2022 Stones and crystals harmonizing the Sacral Chakra, here <span style=\"color: #e52223;\">cornaline<\/span>, <span style=\"color: #e52223;\">moonstone<\/span> and <span style=\"color: #e52223;\">orange aventurine<\/span><br \/>\n\u2022 Silver pendant with <span style=\"color: #e52223;\">moonstone<\/span> to balance the Sacral Chakra<\/p>","protected":false},"featured_media":2113,"template":"","meta":{"neve_meta_sidebar":"","neve_meta_container":"","neve_meta_enable_content_width":"off","neve_meta_content_width":100,"neve_meta_title_alignment":"","neve_meta_author_avatar":"","neve_post_elements_order":"","neve_meta_disable_header":"","neve_meta_disable_footer":"","neve_meta_disable_title":""},"product_brand":[],"product_cat":[59,84],"product_tag":[48,77],"class_list":{"0":"post-2110","1":"product","2":"type-product","3":"status-publish","4":"has-post-thumbnail","6":"product_cat-chakra","7":"product_cat-gri-gri-chakra","8":"product_tag-bijoux","9":"product_tag-chakra-sacre","11":"first","12":"onbackorder","13":"shipping-taxable","14":"purchasable","15":"product-type-simple"},"_links":{"self":[{"href":"https:\/\/maisontika.com\/en\/wp-json\/wp\/v2\/product\/2110","targetHints":{"allow":["GET"]}}],"collection":[{"href":"https:\/\/maisontika.com\/en\/wp-json\/wp\/v2\/product"}],"about":[{"href":"https:\/\/maisontika.com\/en\/wp-json\/wp\/v2\/types\/product"}],"wp:featuredmedia":[{"embeddable":true,"href":"https:\/\/maisontika.com\/en\/wp-json\/wp\/v2\/media\/2113"}],"wp:attachment":[{"href":"https:\/\/maisontika.com\/en\/wp-json\/wp\/v2\/media?parent=2110"}],"wp:term":[{"taxonomy":"product_brand","embeddable":true,"href":"https:\/\/maisontika.com\/en\/wp-json\/wp\/v2\/product_brand?post=2110"},{"taxonomy":"product_cat","embeddable":true,"href":"https:\/\/maisontika.com\/en\/wp-json\/wp\/v2\/product_cat?post=2110"},{"taxonomy":"product_tag","embeddable":true,"href":"https:\/\/maisontika.com\/en\/wp-json\/wp\/v2\/product_tag?post=2110"}],"curies":[{"name":"wp","href":"https:\/\/api.w.org\/{rel}","templated":true}]}}