{"id":2083,"date":"2025-04-13T11:37:09","date_gmt":"2025-04-13T09:37:09","guid":{"rendered":"https:\/\/maisontika.com\/?post_type=product&#038;p=2083"},"modified":"2025-07-05T14:45:57","modified_gmt":"2025-07-05T12:45:57","slug":"wish-bag-chakra-vishuddha-gorge","status":"publish","type":"product","link":"https:\/\/maisontika.com\/en\/shop\/bijoux\/wish-bag\/wish-bag-chakra\/wish-bag-chakra-vishuddha-gorge\/","title":{"rendered":"Wish Bag Chakra \u2013 Vishuddha (Throat)"},"content":{"rendered":"<p>This necklace was created to help you reconnect with your divine powers and realize your dreams.<br \/>\nAll you have to do is write your dearest wishes on a piece of tissue paper, believing in them very strongly, then put the paper in the little magic bag.<br \/>\nThis necklace is entirely handmade, lovingly woven and braided.<\/p>\n<p>Why harmonize your <span style=\"color: #e52223;\">THROAT CHAKRA<\/span> ?<br \/>\n\u2022 To express our feelings and thoughts<br \/>\n\u2022 For a more open mind<\/p>\n<p><strong>\u2022 Description :<\/strong><\/p>\n<p>The small bag is woven with small glass beads, here <span style=\"color: #e52223;\">silver<\/span>, <span style=\"color: #e52223;\">turquoise<\/span> and <span style=\"color: #e52223;\">blue<\/span>.<br \/>\nThe cord is braided with cotton and lurex threads in colors similar to the pearls.<br \/>\nThere's a sliding knot so you can wear the necklace short or long, as you wish.<br \/>\nThe Wish Bag can be worn on either side.<\/p>\n<p><strong>\u2022 Dimension<\/strong> : The total length of the necklace is approx. <span style=\"color: #e52223;\">39 cm<\/span> (from top to bottom).<\/p>\n<p><strong>\u2022 Additional information:<\/strong><\/p>\n<p>No sea or pool.<br \/>\nEach piece is unique, with slight variations possible for each order.<\/p>\n<p><strong>\u2022 Disponibilit\u00e9 &amp; d\u00e9lais :<\/strong><\/p>\n<p>Si ce bijou n&rsquo;est plus en stock, il sera confectionn\u00e9 sur commande (preorder), avec un d\u00e9lai estim\u00e9 de 1 \u00e0 3 semaines, selon le nombre de cr\u00e9ations en cours.<br \/>\nPour toute demande urgente ou particuli\u00e8re, n&rsquo;h\u00e9sitez pas \u00e0 me contacter !<\/p>","protected":false},"excerpt":{"rendered":"<p><span style=\"color: #e52223;\">VISHUDDHA<\/span> is the name of the Throat Chakra in Sanskrit.<\/p>\n<p><strong>Mantra: \u201cI speak with honesty and kindness.\u201d<\/strong><\/p>\n<p>This necklace was created to help you reconnect with your divine powers and realize your dreams.<br \/>\nAll you have to do is write your dearest wishes on a piece of tissue paper, believing in them very strongly, then put the paper in the little magic bag.<br \/>\nThis necklace is entirely handmade, lovingly woven and braided.<\/p>\n<p>Every element has been carefully selected:<br \/>\n\u2022 TIKA silver amulet, for <span style=\"color: #e52223;\">PROTECTION<\/span><br \/>\n\u2022 An antique brass bell, for <span style=\"color: #e52223;\">JOY<\/span><br \/>\n\u2022 Several stones and crystals harmonizing the Throat Chakra, here <span style=\"color: #e52223;\">turquoise<\/span> and <span style=\"color: #e52223;\">aigue-marine<\/span>.<\/p>","protected":false},"featured_media":2089,"template":"","meta":{"neve_meta_sidebar":"","neve_meta_container":"","neve_meta_enable_content_width":"off","neve_meta_content_width":100,"neve_meta_title_alignment":"","neve_meta_author_avatar":"","neve_post_elements_order":"","neve_meta_disable_header":"","neve_meta_disable_footer":"","neve_meta_disable_title":""},"product_brand":[],"product_cat":[82],"product_tag":[48,73,83,69],"class_list":{"0":"post-2083","1":"product","2":"type-product","3":"status-publish","4":"has-post-thumbnail","6":"product_cat-wish-bag-chakra","7":"product_tag-bijoux","8":"product_tag-chakra-gorge","9":"product_tag-collier","10":"product_tag-wish-bag","12":"first","13":"instock","14":"shipping-taxable","15":"purchasable","16":"product-type-simple"},"_links":{"self":[{"href":"https:\/\/maisontika.com\/en\/wp-json\/wp\/v2\/product\/2083","targetHints":{"allow":["GET"]}}],"collection":[{"href":"https:\/\/maisontika.com\/en\/wp-json\/wp\/v2\/product"}],"about":[{"href":"https:\/\/maisontika.com\/en\/wp-json\/wp\/v2\/types\/product"}],"wp:featuredmedia":[{"embeddable":true,"href":"https:\/\/maisontika.com\/en\/wp-json\/wp\/v2\/media\/2089"}],"wp:attachment":[{"href":"https:\/\/maisontika.com\/en\/wp-json\/wp\/v2\/media?parent=2083"}],"wp:term":[{"taxonomy":"product_brand","embeddable":true,"href":"https:\/\/maisontika.com\/en\/wp-json\/wp\/v2\/product_brand?post=2083"},{"taxonomy":"product_cat","embeddable":true,"href":"https:\/\/maisontika.com\/en\/wp-json\/wp\/v2\/product_cat?post=2083"},{"taxonomy":"product_tag","embeddable":true,"href":"https:\/\/maisontika.com\/en\/wp-json\/wp\/v2\/product_tag?post=2083"}],"curies":[{"name":"wp","href":"https:\/\/api.w.org\/{rel}","templated":true}]}}