{"id":2076,"date":"2025-04-13T11:31:23","date_gmt":"2025-04-13T09:31:23","guid":{"rendered":"https:\/\/maisontika.com\/?post_type=product&#038;p=2076"},"modified":"2025-07-05T14:46:09","modified_gmt":"2025-07-05T12:46:09","slug":"wish-bag-chakra-hanahata-coeur","status":"publish","type":"product","link":"https:\/\/maisontika.com\/en\/shop\/bijoux\/wish-bag\/wish-bag-chakra\/wish-bag-chakra-hanahata-coeur\/","title":{"rendered":"Wish Bag Chakra \u2013 Hanahata (Heart)"},"content":{"rendered":"<p>This necklace was created to help you reconnect with your divine powers and realize your dreams.<br \/>\nAll you have to do is write your dearest wishes on a piece of tissue paper, believing in them very strongly, then put the paper in the little magic bag.<br \/>\nThis necklace is entirely handmade, lovingly woven and braided.<\/p>\n<p>Why harmonize your <span style=\"color: #e52223;\">HEART CHAKRA<\/span> ?<br \/>\n\u2022 To feel divine love within us<br \/>\n\u2022 To bring us healing and reconciliation<br \/>\n\u2022 To marvel at beings and things<\/p>\n<p><strong>\u2022 Description :<\/strong><\/p>\n<p>The small bag is woven with small glass beads, here <span style=\"color: #e52223;\">white<\/span>, <span style=\"color: #e52223;\">pink<\/span> and <span style=\"color: #e52223;\">green<\/span>.<br \/>\nThe cord is braided with cotton and lurex threads in colors similar to the pearls.<br \/>\nThere's a sliding knot so you can wear the necklace short or long, as you wish.<br \/>\nThe Wish Bag can be worn on either side.<\/p>\n<p><strong>\u2022 Dimension<\/strong> : The total length of the necklace is approx. <span style=\"color: #e52223;\">39 cm<\/span> (from top to bottom).<\/p>\n<p><strong>\u2022 Additional information:<\/strong><\/p>\n<p>No sea or pool.<br \/>\nEach piece is unique, with slight variations possible for each order.<\/p>\n<p><strong>\u2022 Disponibilit\u00e9 &amp; d\u00e9lais :<\/strong><\/p>\n<p>Si ce bijou n&rsquo;est plus en stock, il sera confectionn\u00e9 sur commande (preorder), avec un d\u00e9lai estim\u00e9 de 1 \u00e0 3 semaines, selon le nombre de cr\u00e9ations en cours.<br \/>\nPour toute demande urgente ou particuli\u00e8re, n&rsquo;h\u00e9sitez pas \u00e0 me contacter !<\/p>","protected":false},"excerpt":{"rendered":"<p><span style=\"color: #e52223;\">HANAHATA<\/span> is the name of the Heart Chakra in Sanskrit.<\/p>\n<p><strong>Mantra: \u201cI love to give and receive.\u201d<\/strong><\/p>\n<p>This necklace was created to help you reconnect with your divine powers and realize your dreams.<br \/>\nAll you have to do is write your dearest wishes on a piece of tissue paper, believing in them very strongly, then put the paper in the little magic bag.<br \/>\nThis necklace is entirely handmade, lovingly woven and braided.<\/p>\n<p>Every element has been carefully selected:<br \/>\n\u2022 TIKA amulet in brass, for <span style=\"color: #e52223;\">PROTECTION<\/span><br \/>\n\u2022 An antique silver bell, for <span style=\"color: #e52223;\">JOY<\/span><br \/>\n\u2022 Several stones and crystals harmonizing the Heart Chakra, here <span style=\"color: #e52223;\">pink tourmaline<\/span>, <span style=\"color: #e52223;\">emerald<\/span> and <span style=\"color: #e52223;\">aventurine<\/span>.<\/p>","protected":false},"featured_media":2082,"template":"","meta":{"neve_meta_sidebar":"","neve_meta_container":"","neve_meta_enable_content_width":"off","neve_meta_content_width":100,"neve_meta_title_alignment":"","neve_meta_author_avatar":"","neve_post_elements_order":"","neve_meta_disable_header":"","neve_meta_disable_footer":"","neve_meta_disable_title":""},"product_brand":[],"product_cat":[82],"product_tag":[48,74,83,69],"class_list":{"0":"post-2076","1":"product","2":"type-product","3":"status-publish","4":"has-post-thumbnail","6":"product_cat-wish-bag-chakra","7":"product_tag-bijoux","8":"product_tag-chakra-coeur","9":"product_tag-collier","10":"product_tag-wish-bag","12":"first","13":"instock","14":"shipping-taxable","15":"purchasable","16":"product-type-simple"},"_links":{"self":[{"href":"https:\/\/maisontika.com\/en\/wp-json\/wp\/v2\/product\/2076","targetHints":{"allow":["GET"]}}],"collection":[{"href":"https:\/\/maisontika.com\/en\/wp-json\/wp\/v2\/product"}],"about":[{"href":"https:\/\/maisontika.com\/en\/wp-json\/wp\/v2\/types\/product"}],"wp:featuredmedia":[{"embeddable":true,"href":"https:\/\/maisontika.com\/en\/wp-json\/wp\/v2\/media\/2082"}],"wp:attachment":[{"href":"https:\/\/maisontika.com\/en\/wp-json\/wp\/v2\/media?parent=2076"}],"wp:term":[{"taxonomy":"product_brand","embeddable":true,"href":"https:\/\/maisontika.com\/en\/wp-json\/wp\/v2\/product_brand?post=2076"},{"taxonomy":"product_cat","embeddable":true,"href":"https:\/\/maisontika.com\/en\/wp-json\/wp\/v2\/product_cat?post=2076"},{"taxonomy":"product_tag","embeddable":true,"href":"https:\/\/maisontika.com\/en\/wp-json\/wp\/v2\/product_tag?post=2076"}],"curies":[{"name":"wp","href":"https:\/\/api.w.org\/{rel}","templated":true}]}}