{"id":1697,"date":"2024-10-28T16:42:40","date_gmt":"2024-10-28T15:42:40","guid":{"rendered":"https:\/\/maisontika.com\/?post_type=product&#038;p=1697"},"modified":"2025-07-12T19:08:45","modified_gmt":"2025-07-12T17:08:45","slug":"balance-link-star-nacre-2","status":"publish","type":"product","link":"https:\/\/maisontika.com\/en\/shop\/bijoux\/balance-link\/star-nacre\/balance-link-star-nacre-2\/","title":{"rendered":"Balance Link &#8211; Star Nacre 2"},"content":{"rendered":"<p><strong>\u2022 Description :<\/strong><\/p>\n<p>Bracelet in shades of <span style=\"color: #e52223;\">yellow<\/span>, <span style=\"color: #e52223;\">white<\/span> and <span style=\"color: #e52223;\">multicolor<\/span>.<br \/>\nThe cord of this bracelet has been braided with cotton and lurex threads.<br \/>\nThe star has been hand-woven with glass beads.<br \/>\nThere is a slipknot.<\/p>\n<p><strong>\u2022 Dimension<\/strong> : 83 cm circumference<\/p>\n<p><strong>\u2022 Additional information:<\/strong><\/p>\n<p>No sea or pool.<br \/>\nEach piece is unique, with slight variations possible for each order.<\/p>\n<p><strong>\u2022 Disponibilit\u00e9 &amp; d\u00e9lais :<\/strong><\/p>\n<p>Si ce bijou n&rsquo;est plus en stock, il sera confectionn\u00e9 sur commande (preorder), avec un d\u00e9lai estim\u00e9 de 1 \u00e0 3 semaines, selon le nombre de cr\u00e9ations en cours.<br \/>\nPour toute demande urgente ou particuli\u00e8re, n&rsquo;h\u00e9sitez pas \u00e0 me contacter !<\/p>","protected":false},"excerpt":{"rendered":"<p>The Balance Link is a long cord made entirely by hand, woven with love.<\/p>\n<p>The cord can be worn as you wish, as a necklace or on the wrist in several turns.<br \/>\nThis jewel was created to bring harmony and well-being.<br \/>\nThe star symbolizes hope and reminds us that something greater exists.<\/p>\n<p>Every element has been carefully selected:<br \/>\n\u2022 TIKA silver amulet, for <span style=\"color: #e52223;\">PROTECTION<\/span><br \/>\n\u2022 An antique brass bell, for <span style=\"color: #e52223;\">JOY<\/span><br \/>\n\u2022 Antique sandalwood and rudraksha seed beads for <span style=\"color: #e52223;\">SPIRITUALITY<\/span><br \/>\n\u2022 Antique silver amulet : <span style=\"color: #e52223;\">WE ARE ONE<\/span><br \/>\n\u2022 Mother-of-pearl chips for<span style=\"color: #e52223;\">HARMONY<\/span><\/p>","protected":false},"featured_media":1699,"template":"","meta":{"neve_meta_sidebar":"","neve_meta_container":"","neve_meta_enable_content_width":"off","neve_meta_content_width":100,"neve_meta_title_alignment":"","neve_meta_author_avatar":"","neve_post_elements_order":"","neve_meta_disable_header":"","neve_meta_disable_footer":"","neve_meta_disable_title":""},"product_brand":[],"product_cat":[65],"product_tag":[70,48],"class_list":{"0":"post-1697","1":"product","2":"type-product","3":"status-publish","4":"has-post-thumbnail","6":"product_cat-star-nacre","7":"product_tag-balance-link","8":"product_tag-bijoux","10":"first","11":"onbackorder","12":"shipping-taxable","13":"purchasable","14":"product-type-simple"},"_links":{"self":[{"href":"https:\/\/maisontika.com\/en\/wp-json\/wp\/v2\/product\/1697","targetHints":{"allow":["GET"]}}],"collection":[{"href":"https:\/\/maisontika.com\/en\/wp-json\/wp\/v2\/product"}],"about":[{"href":"https:\/\/maisontika.com\/en\/wp-json\/wp\/v2\/types\/product"}],"wp:featuredmedia":[{"embeddable":true,"href":"https:\/\/maisontika.com\/en\/wp-json\/wp\/v2\/media\/1699"}],"wp:attachment":[{"href":"https:\/\/maisontika.com\/en\/wp-json\/wp\/v2\/media?parent=1697"}],"wp:term":[{"taxonomy":"product_brand","embeddable":true,"href":"https:\/\/maisontika.com\/en\/wp-json\/wp\/v2\/product_brand?post=1697"},{"taxonomy":"product_cat","embeddable":true,"href":"https:\/\/maisontika.com\/en\/wp-json\/wp\/v2\/product_cat?post=1697"},{"taxonomy":"product_tag","embeddable":true,"href":"https:\/\/maisontika.com\/en\/wp-json\/wp\/v2\/product_tag?post=1697"}],"curies":[{"name":"wp","href":"https:\/\/api.w.org\/{rel}","templated":true}]}}