{"id":1684,"date":"2024-10-28T16:25:23","date_gmt":"2024-10-28T15:25:23","guid":{"rendered":"https:\/\/maisontika.com\/?post_type=product&#038;p=1684"},"modified":"2025-07-05T14:44:11","modified_gmt":"2025-07-05T12:44:11","slug":"balance-link-star-1","status":"publish","type":"product","link":"https:\/\/maisontika.com\/en\/shop\/bijoux\/balance-link\/star-balance-link\/balance-link-star-1\/","title":{"rendered":"Balance Link &#8211; Star 1"},"content":{"rendered":"<p><strong>\u2022 Description :<\/strong><\/p>\n<p>Bracelet in shades of <span style=\"color: #e52223;\">red<\/span>, <span style=\"color: #e52223;\">yellow<\/span> and <span style=\"color: #e52223;\">multicolor<\/span>.<br \/>\nThe cord of this bracelet has been braided with cotton and lurex threads.<br \/>\nThe star has been hand-woven with glass beads.<br \/>\nThere is a slipknot.<\/p>\n<p><strong>\u2022 Dimension<\/strong> : 83 cm circumference<\/p>\n<p><strong>\u2022 Additional information:<\/strong><\/p>\n<p>No sea or pool.<br \/>\nEach piece is unique, with slight variations possible for each order.<\/p>\n<p><strong>\u2022 Disponibilit\u00e9 &amp; d\u00e9lais :<\/strong><\/p>\n<p>Si ce bijou n&rsquo;est plus en stock, il sera confectionn\u00e9 sur commande (preorder), avec un d\u00e9lai estim\u00e9 de 1 \u00e0 3 semaines, selon le nombre de cr\u00e9ations en cours.<br \/>\nPour toute demande urgente ou particuli\u00e8re, n&rsquo;h\u00e9sitez pas \u00e0 me contacter !<\/p>","protected":false},"excerpt":{"rendered":"<p>The Balance Link is a long cord made entirely by hand, woven and braided with love.<\/p>\n<p>The cord can be worn as you wish, as a necklace or on the wrist in several turns.<br \/>\nThis jewel has been created to energize all the chakras and harmonize the energy of body and mind.<br \/>\nThe star symbolizes hope and reminds us that something greater exists.<\/p>\n<p>Every element has been carefully selected:<br \/>\n\u2022 TIKA amulet in brass, for <span style=\"color: #e52223;\">PROTECTION<\/span><br \/>\n\u2022 An antique silver bell, for <span style=\"color: #e52223;\">JOY<\/span><br \/>\n\u2022 Antique sandalwood beads for <span style=\"color: #e52223;\">SPIRITUALITY<\/span><br \/>\n\u2022 Antique medal of Mary for the<span style=\"color: #e52223;\">UNIVERSAL LOVE<\/span><br \/>\n\u2022 Raw water pearl for<span style=\"color: #e52223;\">BALANCE<\/span><\/p>\n<p>\u2022 Stone harmonizing the Root Chakra, here <span style=\"color: #e52223;\">garnet<\/span><br \/>\n\u2022 Stone harmonizing the Sacral Chakra, here <span style=\"color: #e52223;\">moonstone<\/span><br \/>\n\u2022 Stone harmonizing the Navel Chakra, here <span style=\"color: #e52223;\">citrine<\/span><br \/>\n\u2022 Stone harmonizing the Heart Chakra, here <span style=\"color: #e52223;\">aventurine<\/span><br \/>\n\u2022 Stone harmonizing the Throat Chakra, here <span style=\"color: #e52223;\">aigue-marine<\/span><br \/>\n\u2022 Stone harmonizing the 3rd Eye Chakra, here <span style=\"color: #e52223;\">lapis-lazuli<\/span><br \/>\n\u2022 Stone harmonizing the Crown Chakra, here <span style=\"color: #e52223;\">amethyst<\/span><\/p>","protected":false},"featured_media":1687,"template":"","meta":{"neve_meta_sidebar":"","neve_meta_container":"","neve_meta_enable_content_width":"off","neve_meta_content_width":100,"neve_meta_title_alignment":"","neve_meta_author_avatar":"","neve_post_elements_order":"","neve_meta_disable_header":"","neve_meta_disable_footer":"","neve_meta_disable_title":""},"product_brand":[],"product_cat":[64],"product_tag":[70,48,71,74,75,73,76,72,77],"class_list":{"0":"post-1684","1":"product","2":"type-product","3":"status-publish","4":"has-post-thumbnail","6":"product_cat-star-balance-link","7":"product_tag-balance-link","8":"product_tag-bijoux","9":"product_tag-chakra-3-oeil","10":"product_tag-chakra-coeur","11":"product_tag-chakra-couronne","12":"product_tag-chakra-gorge","13":"product_tag-chakra-plexus-solaire","14":"product_tag-chakra-racine","15":"product_tag-chakra-sacre","17":"first","18":"instock","19":"shipping-taxable","20":"purchasable","21":"product-type-simple"},"_links":{"self":[{"href":"https:\/\/maisontika.com\/en\/wp-json\/wp\/v2\/product\/1684","targetHints":{"allow":["GET"]}}],"collection":[{"href":"https:\/\/maisontika.com\/en\/wp-json\/wp\/v2\/product"}],"about":[{"href":"https:\/\/maisontika.com\/en\/wp-json\/wp\/v2\/types\/product"}],"wp:featuredmedia":[{"embeddable":true,"href":"https:\/\/maisontika.com\/en\/wp-json\/wp\/v2\/media\/1687"}],"wp:attachment":[{"href":"https:\/\/maisontika.com\/en\/wp-json\/wp\/v2\/media?parent=1684"}],"wp:term":[{"taxonomy":"product_brand","embeddable":true,"href":"https:\/\/maisontika.com\/en\/wp-json\/wp\/v2\/product_brand?post=1684"},{"taxonomy":"product_cat","embeddable":true,"href":"https:\/\/maisontika.com\/en\/wp-json\/wp\/v2\/product_cat?post=1684"},{"taxonomy":"product_tag","embeddable":true,"href":"https:\/\/maisontika.com\/en\/wp-json\/wp\/v2\/product_tag?post=1684"}],"curies":[{"name":"wp","href":"https:\/\/api.w.org\/{rel}","templated":true}]}}