{"id":160,"date":"2024-02-10T11:32:20","date_gmt":"2024-02-10T10:32:20","guid":{"rendered":"https:\/\/maisontika.com\/?post_type=product&#038;p=160"},"modified":"2025-07-05T14:27:22","modified_gmt":"2025-07-05T12:27:22","slug":"bracelet-infinite-chakra-racine-et-sacre","status":"publish","type":"product","link":"https:\/\/maisontika.com\/en\/shop\/bijoux\/bracelet\/infinite\/bracelet-infinite-chakra-racine-et-sacre\/","title":{"rendered":"Infinite Bracelet \u2013 Root Chakra"},"content":{"rendered":"<p>This bracelet with the infinity symbol was created to remind us of our unlimited divine powers.<\/p>\n<p>The INFINITE bracelet is entirely handmade, lovingly woven and braided.<\/p>\n<p><span style=\"color: #e52223;\">\u2022 ROOT CHAKRA<\/span> : safety, trust, protection<\/p>\n<p><strong>\u2022 Description :<\/strong><\/p>\n<p>The talisman is woven from small glass beads, in this case <span style=\"color: #e52223;\">red<\/span> and <span style=\"color: #e52223;\">orange yellow<\/span>.<br \/>\nThe cord is braided with cotton and lurex threads.<br \/>\nThe infinity symbol has been hand-woven from glass beads.<br \/>\nThere is a slipknot.<\/p>\n<p><strong>\u2022 Dimension<\/strong> : 23 cm circumference<\/p>\n<p><strong>\u2022 Additional information:<\/strong><\/p>\n<p>No sea or pool.<br \/>\nEach piece is unique, with slight variations possible for each order.<\/p>\n<p><strong>\u2022 Disponibilit\u00e9 &amp; d\u00e9lais :<\/strong><\/p>\n<p>Si ce bijou n&rsquo;est plus en stock, il sera confectionn\u00e9 sur commande (preorder), avec un d\u00e9lai estim\u00e9 de 1 \u00e0 3 semaines, selon le nombre de cr\u00e9ations en cours.<br \/>\nPour toute demande urgente ou particuli\u00e8re, n&rsquo;h\u00e9sitez pas \u00e0 me contacter !<\/p>","protected":false},"excerpt":{"rendered":"<p>This bracelet with the infinity symbol was created to remind us of our unlimited divine powers.<\/p>\n<p>The INFINITE bracelet is entirely handmade, lovingly woven and braided.<\/p>\n<p>Every element has been carefully selected:<br \/>\n\u2022 TIKA amulet in brass, for <span style=\"color: #e52223;\">PROTECTION<\/span><br \/>\n\u2022 An antique silver bell, for <span style=\"color: #e52223;\">JOY<\/span><br \/>\n\u2022 A rudraksha seed for <span style=\"color: #e52223;\">SPIRITUALITY<\/span><br \/>\n\u2022 A stone harmonizing the Root Chakra, here <span style=\"color: #e52223;\">red jasper<\/span><\/p>","protected":false},"featured_media":1655,"template":"","meta":{"neve_meta_sidebar":"","neve_meta_container":"","neve_meta_enable_content_width":"off","neve_meta_content_width":100,"neve_meta_title_alignment":"","neve_meta_author_avatar":"","neve_post_elements_order":"","neve_meta_disable_header":"","neve_meta_disable_footer":"","neve_meta_disable_title":""},"product_brand":[],"product_cat":[35,60],"product_tag":[48,68,72],"class_list":{"0":"post-160","1":"product","2":"type-product","3":"status-publish","4":"has-post-thumbnail","6":"product_cat-bijoux","7":"product_cat-infinite","8":"product_tag-bijoux","9":"product_tag-bracelet","10":"product_tag-chakra-racine","12":"first","13":"instock","14":"shipping-taxable","15":"purchasable","16":"product-type-simple"},"_links":{"self":[{"href":"https:\/\/maisontika.com\/en\/wp-json\/wp\/v2\/product\/160","targetHints":{"allow":["GET"]}}],"collection":[{"href":"https:\/\/maisontika.com\/en\/wp-json\/wp\/v2\/product"}],"about":[{"href":"https:\/\/maisontika.com\/en\/wp-json\/wp\/v2\/types\/product"}],"wp:featuredmedia":[{"embeddable":true,"href":"https:\/\/maisontika.com\/en\/wp-json\/wp\/v2\/media\/1655"}],"wp:attachment":[{"href":"https:\/\/maisontika.com\/en\/wp-json\/wp\/v2\/media?parent=160"}],"wp:term":[{"taxonomy":"product_brand","embeddable":true,"href":"https:\/\/maisontika.com\/en\/wp-json\/wp\/v2\/product_brand?post=160"},{"taxonomy":"product_cat","embeddable":true,"href":"https:\/\/maisontika.com\/en\/wp-json\/wp\/v2\/product_cat?post=160"},{"taxonomy":"product_tag","embeddable":true,"href":"https:\/\/maisontika.com\/en\/wp-json\/wp\/v2\/product_tag?post=160"}],"curies":[{"name":"wp","href":"https:\/\/api.w.org\/{rel}","templated":true}]}}