{"id":357,"date":"2024-02-10T23:15:57","date_gmt":"2024-02-10T22:15:57","guid":{"rendered":"https:\/\/maisontika.com\/?page_id=357"},"modified":"2025-04-19T11:30:12","modified_gmt":"2025-04-19T09:30:12","slug":"a-propos","status":"publish","type":"page","link":"https:\/\/maisontika.com\/en\/a-propos\/","title":{"rendered":"About"},"content":{"rendered":"<div data-elementor-type=\"wp-page\" data-elementor-id=\"357\" class=\"elementor elementor-357\">\n\t\t\t\t<div class=\"elementor-element elementor-element-f0362e8 e-con-full e-flex e-con e-parent\" data-id=\"f0362e8\" data-element_type=\"container\">\n\t\t<div class=\"elementor-element elementor-element-143a3b7 e-flex e-con-boxed e-con e-child\" data-id=\"143a3b7\" data-element_type=\"container\">\n\t\t\t\t\t<div class=\"e-con-inner\">\n\t\t<div class=\"elementor-element elementor-element-bab2e6b e-con-full e-flex e-con e-child\" data-id=\"bab2e6b\" data-element_type=\"container\" data-settings=\"{&quot;background_background&quot;:&quot;classic&quot;}\">\n\t\t<div class=\"elementor-element elementor-element-cf6578e e-con-full e-flex e-con e-child\" data-id=\"cf6578e\" data-element_type=\"container\">\n\t\t\t\t<div class=\"elementor-element elementor-element-30da487 elementor-widget elementor-widget-text-editor\" data-id=\"30da487\" data-element_type=\"widget\" data-widget_type=\"text-editor.default\">\n\t\t\t\t<div class=\"elementor-widget-container\">\n\t\t\t\t\t\t\t\t\t<p class=\"LC20lb MBeuO DKV0Md\">About<\/p>\t\t\t\t\t\t\t\t<\/div>\n\t\t\t\t<\/div>\n\t\t\t\t<div class=\"elementor-element elementor-element-52ad7cc elementor-widget elementor-widget-image\" data-id=\"52ad7cc\" data-element_type=\"widget\" data-widget_type=\"image.default\">\n\t\t\t\t<div class=\"elementor-widget-container\">\n\t\t\t\t\t\t\t\t\t\t\t\t\t\t\t<img fetchpriority=\"high\" decoding=\"async\" width=\"338\" height=\"262\" src=\"https:\/\/maisontika.com\/wp-content\/uploads\/2024\/06\/Tikaa.png\" class=\"attachment-2048x2048 size-2048x2048 wp-image-1452\" alt=\"Maison Tika\" srcset=\"https:\/\/maisontika.com\/wp-content\/uploads\/2024\/06\/Tikaa.png 338w, https:\/\/maisontika.com\/wp-content\/uploads\/2024\/06\/Tikaa-300x233.png 300w\" sizes=\"(max-width: 338px) 100vw, 338px\" \/>\t\t\t\t\t\t\t\t\t\t\t\t\t\t\t<\/div>\n\t\t\t\t<\/div>\n\t\t\t\t<\/div>\n\t\t<div class=\"elementor-element elementor-element-b18f050 e-con-full e-flex e-con e-child\" data-id=\"b18f050\" data-element_type=\"container\">\n\t\t\t\t<div class=\"elementor-element elementor-element-5cf7604 elementor-widget elementor-widget-text-editor\" data-id=\"5cf7604\" data-element_type=\"widget\" data-widget_type=\"text-editor.default\">\n\t\t\t\t<div class=\"elementor-widget-container\">\n\t\t\t\t\t\t\t\t\tWelcome to the world of TIKA, where magic meets style and spirituality! Since childhood, St\u00e9phanie has been driven by an overflowing imagination and a burning desire to create. Today, she gives life to unique pieces that carry a benevolent, protective energy.\t\t\t\t\t\t\t\t<\/div>\n\t\t\t\t<\/div>\n\t\t\t\t<div class=\"elementor-element elementor-element-6258c67 elementor-widget elementor-widget-text-editor\" data-id=\"6258c67\" data-element_type=\"widget\" data-widget_type=\"text-editor.default\">\n\t\t\t\t<div class=\"elementor-widget-container\">\n\t\t\t\t\t\t\t\t\tSelf-taught and passionate about her craft, she began by designing clothes using noble materials such as <a id=\"coton\" style=\"color: #e52223;\">cotton<\/a>, some <a id=\"soie\" style=\"color: #e52223;\">silk <\/a>from old saris or vintage fabric stocks. So she decided to decorate them all with a <a id=\"oeil-brode\" style=\"color: #e52223;\">embroidered eye<\/a>symbolizing TIKA, to offer protection to those who wear them.\t\t\t\t\t\t\t\t<\/div>\n\t\t\t\t<\/div>\n\t\t\t\t<div class=\"elementor-element elementor-element-abc19b2 elementor-widget elementor-widget-text-editor\" data-id=\"abc19b2\" data-element_type=\"widget\" data-widget_type=\"text-editor.default\">\n\t\t\t\t<div class=\"elementor-widget-container\">\n\t\t\t\t\t\t\t\t\tInspired by her travels, it is<a id=\"inde\" style=\"color: #e52223;\"><\/a>Inde qui l&rsquo;a particuli\u00e8rement touch\u00e9 avec son artisanat, ses couleurs. Chaque pi\u00e8ce cr\u00e9e est impr\u00e9gn\u00e9e d\u2019une histoire et d\u2019une \u00e9nergie unique.\t\t\t\t\t\t\t\t<\/div>\n\t\t\t\t<\/div>\n\t\t\t\t<\/div>\n\t\t\t\t<\/div>\n\t\t\t\t\t<\/div>\n\t\t\t\t<\/div>\n\t\t\t\t<\/div>\n\t\t<div class=\"elementor-element elementor-element-b261161 e-con-full e-flex e-con e-parent\" data-id=\"b261161\" data-element_type=\"container\">\n\t\t<div class=\"elementor-element elementor-element-32394b2 e-flex e-con-boxed e-con e-child\" data-id=\"32394b2\" data-element_type=\"container\">\n\t\t\t\t\t<div class=\"e-con-inner\">\n\t\t<div class=\"elementor-element elementor-element-0c4ded1 e-con-full e-flex e-con e-child\" data-id=\"0c4ded1\" data-element_type=\"container\" data-settings=\"{&quot;background_background&quot;:&quot;classic&quot;}\">\n\t\t<div class=\"elementor-element elementor-element-4960dba e-con-full e-flex e-con e-child\" data-id=\"4960dba\" data-element_type=\"container\">\n\t\t\t\t<div class=\"elementor-element elementor-element-a289ae0 elementor-widget elementor-widget-text-editor\" data-id=\"a289ae0\" data-element_type=\"widget\" data-widget_type=\"text-editor.default\">\n\t\t\t\t<div class=\"elementor-widget-container\">\n\t\t\t\t\t\t\t\t\t\u201cEverything will be all right in the end\u2026\n<br>If it\u2019s not all right, then it\u2019s not the end.\u201d\t\t\t\t\t\t\t\t<\/div>\n\t\t\t\t<\/div>\n\t\t\t\t<\/div>\n\t\t<div class=\"elementor-element elementor-element-f8baf9c e-con-full e-flex e-con e-child\" data-id=\"f8baf9c\" data-element_type=\"container\">\n\t\t\t\t<div class=\"elementor-element elementor-element-e2609f9 elementor-widget elementor-widget-text-editor\" data-id=\"e2609f9\" data-element_type=\"widget\" data-widget_type=\"text-editor.default\">\n\t\t\t\t<div class=\"elementor-widget-container\">\n\t\t\t\t\t\t\t\t\t<p>This inspiring sentence reminds her to persevere and believe in the magic of creation when everything seems insurmountable.<\/p><p>Discover her collections and let yourself be transported into a world where authenticity meets magic, where each TIKA piece tells a unique and enchanting story.<\/p>\t\t\t\t\t\t\t\t<\/div>\n\t\t\t\t<\/div>\n\t\t\t\t<div class=\"elementor-element elementor-element-a50eb9d elementor-widget elementor-widget-image\" data-id=\"a50eb9d\" data-element_type=\"widget\" data-widget_type=\"image.default\">\n\t\t\t\t<div class=\"elementor-widget-container\">\n\t\t\t\t\t\t\t\t\t\t\t\t\t\t\t<img decoding=\"async\" width=\"335\" height=\"116\" src=\"https:\/\/maisontika.com\/wp-content\/uploads\/2024\/02\/Tika.png\" class=\"attachment-2048x2048 size-2048x2048 wp-image-1251\" alt=\"Tika\" srcset=\"https:\/\/maisontika.com\/wp-content\/uploads\/2024\/02\/Tika.png 335w, https:\/\/maisontika.com\/wp-content\/uploads\/2024\/02\/Tika-300x104.png 300w\" sizes=\"(max-width: 335px) 100vw, 335px\" \/>\t\t\t\t\t\t\t\t\t\t\t\t\t\t\t<\/div>\n\t\t\t\t<\/div>\n\t\t\t\t<div class=\"elementor-element elementor-element-3df82a3 elementor-widget elementor-widget-text-editor\" data-id=\"3df82a3\" data-element_type=\"widget\" data-widget_type=\"text-editor.default\">\n\t\t\t\t<div class=\"elementor-widget-container\">\n\t\t\t\t\t\t\t\t\t<p>A mark worn on the forehead by Hindus, believed to bring good luck and applied during a ceremony or as a sign of welcome.<\/p><p><span style=\"font-size: 1.4rem;\">Each piece is <\/span><strong style=\"font-size: 1.4rem;\">cleaned<\/strong><span style=\"font-size: 1.4rem;\">\u00a0and\u00a0<\/span><strong style=\"font-size: 1.4rem;\">revitalized<\/strong><span style=\"font-size: 1.4rem;\">that is, energetically recharged with a high, positive vibration.<\/span><\/p>\t\t\t\t\t\t\t\t<\/div>\n\t\t\t\t<\/div>\n\t\t\t\t<\/div>\n\t\t\t\t<\/div>\n\t\t\t\t\t<\/div>\n\t\t\t\t<\/div>\n\t\t\t\t<\/div>\n\t\t<div class=\"elementor-element elementor-element-1f3e33e e-con-full e-flex e-con e-parent\" data-id=\"1f3e33e\" data-element_type=\"container\">\n\t\t<div class=\"elementor-element elementor-element-4b3054f e-flex e-con-boxed e-con e-child\" data-id=\"4b3054f\" data-element_type=\"container\">\n\t\t\t\t\t<div class=\"e-con-inner\">\n\t\t<div class=\"elementor-element elementor-element-b9d819d e-con-full e-flex e-con e-child\" data-id=\"b9d819d\" data-element_type=\"container\" data-settings=\"{&quot;background_background&quot;:&quot;classic&quot;}\">\n\t\t<div class=\"elementor-element elementor-element-5bbe1c2 e-con-full e-flex e-con e-child\" data-id=\"5bbe1c2\" data-element_type=\"container\" data-settings=\"{&quot;background_background&quot;:&quot;classic&quot;}\">\n\t\t\t\t<div class=\"elementor-element elementor-element-961aacb elementor-widget__width-inherit elementor-widget elementor-widget-text-editor\" data-id=\"961aacb\" data-element_type=\"widget\" data-widget_type=\"text-editor.default\">\n\t\t\t\t<div class=\"elementor-widget-container\">\n\t\t\t\t\t\t\t\t\tShe then wanted to bring positive energies and beneficial vibrations to those around her, starting to make <a style=\"color: #e52223;\" href=\"https:\/\/maisontika.com\/product-category\/bijoux\/gri-gri-chakra\/\">Gri-Gri necklaces<\/a>.\n\nThis was followed by the birth of TIKA's iconic jewel, the <a style=\"color: #e52223;\" href=\"https:\/\/maisontika.com\/product-category\/wish-bag\/\">WISH BAG<\/a> designed to remind everyone to pursue their dreams, to make them conscious by writing them down and carrying them with them, so that they come true.\t\t\t\t\t\t\t\t<\/div>\n\t\t\t\t<\/div>\n\t\t\t\t<div class=\"elementor-element elementor-element-78d4db5 elementor-widget elementor-widget-text-editor\" data-id=\"78d4db5\" data-element_type=\"widget\" data-widget_type=\"text-editor.default\">\n\t\t\t\t<div class=\"elementor-widget-container\">\n\t\t\t\t\t\t\t\t\t<p>To complete the collection, several series of necklaces and bracelets were created over the seasons, such as the <a style=\"color: #e52223;\" href=\"https:\/\/maisontika.com\/product-category\/bijoux\/balance-link\/\">BALANCE LINK<\/a>, the <a style=\"color: #e52223;\" href=\"https:\/\/maisontika.com\/product-category\/bijoux\/bracelet\/star\/\">bracelet STAR<\/a>&#8230;<\/p>\t\t\t\t\t\t\t\t<\/div>\n\t\t\t\t<\/div>\n\t\t\t\t<\/div>\n\t\t\t\t<\/div>\n\t\t\t\t\t<\/div>\n\t\t\t\t<\/div>\n\t\t\t\t<\/div>\n\t\t\t\t<\/div>","protected":false},"excerpt":{"rendered":"<p>\u00c0 propos de Bienvenue dans l\u2019univers de TIKA, o\u00f9 la magie rencontre le style et la spiritualit\u00e9 ! Depuis son enfance, St\u00e9phanie a \u00e9t\u00e9 anim\u00e9e par une imagination d\u00e9bordante et le d\u00e9sir ardent de cr\u00e9er. Aujourd\u2019hui, elle donne vie \u00e0 des pi\u00e8ces uniques qui portent en elles une \u00e9nergie bienveillante et protectrice.Autodidacte, passionn\u00e9e, elle d\u00e9bute&hellip;&nbsp;<a href=\"https:\/\/maisontika.com\/en\/a-propos\/\" class=\"\" rel=\"bookmark\">Read More &raquo;<span class=\"screen-reader-text\">About<\/span><\/a><\/p>","protected":false},"author":1,"featured_media":0,"parent":0,"menu_order":0,"comment_status":"closed","ping_status":"closed","template":"elementor_canvas","meta":{"neve_meta_sidebar":"","neve_meta_container":"","neve_meta_enable_content_width":"","neve_meta_content_width":0,"neve_meta_title_alignment":"","neve_meta_author_avatar":"","neve_post_elements_order":"","neve_meta_disable_header":"","neve_meta_disable_footer":"","neve_meta_disable_title":"","footnotes":""},"class_list":["post-357","page","type-page","status-publish","hentry"],"_links":{"self":[{"href":"https:\/\/maisontika.com\/en\/wp-json\/wp\/v2\/pages\/357","targetHints":{"allow":["GET"]}}],"collection":[{"href":"https:\/\/maisontika.com\/en\/wp-json\/wp\/v2\/pages"}],"about":[{"href":"https:\/\/maisontika.com\/en\/wp-json\/wp\/v2\/types\/page"}],"author":[{"embeddable":true,"href":"https:\/\/maisontika.com\/en\/wp-json\/wp\/v2\/users\/1"}],"replies":[{"embeddable":true,"href":"https:\/\/maisontika.com\/en\/wp-json\/wp\/v2\/comments?post=357"}],"version-history":[{"count":199,"href":"https:\/\/maisontika.com\/en\/wp-json\/wp\/v2\/pages\/357\/revisions"}],"predecessor-version":[{"id":2490,"href":"https:\/\/maisontika.com\/en\/wp-json\/wp\/v2\/pages\/357\/revisions\/2490"}],"wp:attachment":[{"href":"https:\/\/maisontika.com\/en\/wp-json\/wp\/v2\/media?parent=357"}],"curies":[{"name":"wp","href":"https:\/\/api.w.org\/{rel}","templated":true}]}}